{"id":46,"date":"2022-01-29T12:13:57","date_gmt":"2022-01-29T15:13:57","guid":{"rendered":"https:\/\/wp.atelieodontologia.com.br\/?page_id=46"},"modified":"2025-02-26T06:55:50","modified_gmt":"2025-02-26T10:55:50","slug":"onde-estamos","status":"publish","type":"page","link":"https:\/\/atelieodontologia.com.br\/?page_id=46","title":{"rendered":"Onde Estamos"},"content":{"rendered":"\n<p><strong>Siga as instru\u00e7\u00f5es e localize-se pelo mapa abaixo<\/strong><\/p>\n\n\n<div id=\"wpgmza_map\" class=\"wpgmza_map\" data-settings='{\"id\":\"1\",\"map_title\":\"New Map\",\"map_width\":\"100\",\"map_height\":\"400\",\"map_start_lat\":\"-20.439358331194583\",\"map_start_lng\":\"-54.58407782430938\",\"map_start_location\":\"45.950464398418106,-109.81550500000003\",\"map_start_zoom\":\"14\",\"default_marker\":\"\",\"type\":\"0\",\"alignment\":\"4\",\"directions_enabled\":\"0\",\"styling_enabled\":\"0\",\"styling_json\":\"\",\"active\":\"0\",\"kml\":\"\",\"bicycle\":\"0\",\"traffic\":\"0\",\"dbox\":\"0\",\"dbox_width\":\"\",\"listmarkers\":\"0\",\"listmarkers_advanced\":\"0\",\"filterbycat\":\"0\",\"ugm_enabled\":\"0\",\"ugm_category_enabled\":\"0\",\"fusion\":\"\",\"map_width_type\":\"%\",\"map_height_type\":\"px\",\"mass_marker_support\":\"0\",\"ugm_access\":\"0\",\"order_markers_by\":\"0\",\"order_markers_choice\":\"0\",\"show_user_location\":\"0\",\"default_to\":\"\",\"other_settings\":{\"map_type\":1,\"sl_stroke_color\":\"\",\"sl_fill_color\":\"\",\"sl_stroke_opacity\":\"\",\"sl_fill_opacity\":\"\",\"transport_layer\":false,\"action\":\"wpgmza_save_map\",\"redirect_to\":\"\\\/wp-admin\\\/admin-post.php\",\"map_id\":\"1\",\"http_referer\":\"\\\/wp-admin\\\/admin.php?page=wp-google-maps-menu&amp;amp;override=1&amp;amp;action=edit&amp;amp;map_id=1\",\"wpgmza_id\":\"1\",\"wpgmza_start_location\":\"-20.439358331194583,-54.58407782430938\",\"wpgmza_start_zoom\":\"14\",\"store_locator_enabled\":false,\"store_locator_search_area\":\"radial\",\"wpgmza_store_locator_radius_style\":\"legacy\",\"wpgmza_store_locator_default_radius\":\"10\",\"store_locator_auto_area_max_zoom\":\"\",\"store_locator_distance\":false,\"wpgmza_store_locator_position\":false,\"store_locator_show_distance\":false,\"store_locator_category\":false,\"wpgmza_store_locator_use_their_location\":false,\"wpgmza_store_locator_bounce\":false,\"wpgmza_sl_animation\":null,\"wpgmza_store_locator_hide_before_search\":false,\"store_locator_query_string\":\"\",\"store_locator_default_address\":\"\",\"store_locator_name_search\":false,\"store_locator_name_string\":\"\",\"store_locator_not_found_message\":\"\",\"wpgmza_map_align\":\"1\",\"jump_to_nearest_marker_on_initialization\":false,\"automatically_pan_to_users_location\":false,\"override_users_location_zoom_level\":false,\"override_users_location_zoom_levels\":\"\",\"show_distance_from_location\":false,\"map_max_zoom\":\"21\",\"map_min_zoom\":\"0\",\"click_open_link\":false,\"fit_maps_bounds_to_markers\":false,\"fit_maps_bounds_to_markers_after_filtering\":false,\"hide_point_of_interest\":false,\"wpgmza_zoom_on_marker_click\":false,\"wpgmza_zoom_on_marker_click_slider\":\"\",\"close_infowindow_on_map_click\":false,\"disable_lightbox_images\":false,\"use_Raw_Jpeg_Coordinates\":false,\"disable_polygon_info_windows\":false,\"enable_marker_ratings\":false,\"only_load_markers_within_viewport\":false,\"iw_primary_color\":\"#000000\",\"iw_accent_color\":\"#000000\",\"iw_text_color\":\"#000000\",\"wpgmza_listmarkers_by\":\"0\",\"wpgmza_marker_listing_position\":false,\"zoom_level_on_marker_listing_override\":false,\"zoom_level_on_marker_listing_click\":\"\",\"datatable_no_result_message\":\"\",\"remove_search_box_datables\":false,\"dataTable_pagination_style\":null,\"datatable_search_string\":\"\",\"datatable_result_start\":\"\",\"datatable_result_of\":\"\",\"datatable_result_to\":\"\",\"datatable_result_total\":\"\",\"datatable_result_show\":\"\",\"datatable_result_entries\":\"\",\"wpgmza_savemap\":\"Salvar o Mapa \\u00bb\",\"store_locator_location_placeholder\":\"\",\"marker_listing_disable_zoom\":false}}' data-map-id='1' Data-maps-engine='open-layers' data-shortcode-attributes='{\"id\":\"1\"}' style=\"display:block; overflow:auto; width:100%; height:400px; float:left;\"><\/div>\n\n\n\n<p>Vindo pela Avenida Mato Grosso<\/p>\n\n\n\n<ol class=\"wp-block-list\">\n<li>dirija at\u00e9 a entrada do Parque dos Poderes<\/li>\n\n\n\n<li>na rotat\u00f3ria, fa\u00e7a o contorno, retornando \u00e0 Av. Mato Grosso<\/li>\n\n\n\n<li>vire \u00e0 direita na Av que inicia no posto de combust\u00edvel do canteiro central<\/li>\n\n\n\n<li>Siga em frente por 1.500m<\/li>\n\n\n\n<li>ap\u00f3s a terceira rotat\u00f3ria, siga em frente por cerca de 100m<\/li>\n\n\n\n<li>no meio da quadra, o Ateli\u00ea Odontologia estar\u00e1 \u00e0 sua direita<\/li>\n<\/ol>\n\n\n\n<p>Vindo pela Mata do Jacinto<\/p>\n\n\n\n<ol class=\"wp-block-list\">\n<li>dirija at\u00e9 a rotat\u00f3ria no final da Av. Alberto Ara\u00fajo Arruda<\/li>\n\n\n\n<li>na rotat\u00f3ria, pegue a segunda sa\u00edda, como se seguisse em frente, para a Av Hiroshima<\/li>\n\n\n\n<li>siga por 300m e na rotat\u00f3ria fa\u00e7a o retorno, mantendo-se na Av Hiroshima<\/li>\n\n\n\n<li>no meio da quadra, o Ateli\u00ea Odontologia estar\u00e1 \u00e0 sua direita<\/li>\n<\/ol>\n\n\n\n<p><br>Vindo pelo Parque do S\u00f3ter<\/p>\n\n\n\n<ol class=\"wp-block-list\">\n<li>Contorne o parque at\u00e9 a rotat\u00f3ria e vire em dire\u00e7\u00e3o \u00e0 Rua Olivia Enciso<\/li>\n\n\n\n<li>Em 200m, na pr\u00f3xima rotat\u00f3ria, pegue a 1\u00aa sa\u00edda para a Av Hiroshima<\/li>\n\n\n\n<li>siga por 300m e na rotat\u00f3ria fa\u00e7a o retorno, mantendo-se na Av Hiroshima<\/li>\n\n\n\n<li>no meio da quadra, o Ateli\u00ea Odontologia estar\u00e1 \u00e0 sua direita<\/li>\n<\/ol>\n","protected":false},"excerpt":{"rendered":"<p>Siga as instru\u00e7\u00f5es e localize-se pelo mapa abaixo Vindo pela Avenida Mato Grosso Vindo pela Mata do Jacinto Vindo pelo Parque do S\u00f3ter<\/p>\n","protected":false},"author":1,"featured_media":0,"parent":0,"menu_order":0,"comment_status":"closed","ping_status":"closed","template":"","meta":{"footnotes":""},"class_list":["post-46","page","type-page","status-publish","hentry"],"_links":{"self":[{"href":"https:\/\/atelieodontologia.com.br\/index.php?rest_route=\/wp\/v2\/pages\/46","targetHints":{"allow":["GET"]}}],"collection":[{"href":"https:\/\/atelieodontologia.com.br\/index.php?rest_route=\/wp\/v2\/pages"}],"about":[{"href":"https:\/\/atelieodontologia.com.br\/index.php?rest_route=\/wp\/v2\/types\/page"}],"author":[{"embeddable":true,"href":"https:\/\/atelieodontologia.com.br\/index.php?rest_route=\/wp\/v2\/users\/1"}],"replies":[{"embeddable":true,"href":"https:\/\/atelieodontologia.com.br\/index.php?rest_route=%2Fwp%2Fv2%2Fcomments&post=46"}],"version-history":[{"count":7,"href":"https:\/\/atelieodontologia.com.br\/index.php?rest_route=\/wp\/v2\/pages\/46\/revisions"}],"predecessor-version":[{"id":333,"href":"https:\/\/atelieodontologia.com.br\/index.php?rest_route=\/wp\/v2\/pages\/46\/revisions\/333"}],"wp:attachment":[{"href":"https:\/\/atelieodontologia.com.br\/index.php?rest_route=%2Fwp%2Fv2%2Fmedia&parent=46"}],"curies":[{"name":"wp","href":"https:\/\/api.w.org\/{rel}","templated":true}]}}