{"id":24,"date":"2022-01-27T15:18:54","date_gmt":"2022-01-27T18:18:54","guid":{"rendered":"https:\/\/wp.atelieodontologia.com.br\/?page_id=24"},"modified":"2024-08-26T15:15:52","modified_gmt":"2024-08-26T19:15:52","slug":"corpo-tecnico","status":"publish","type":"page","link":"https:\/\/atelieodontologia.com.br\/?page_id=24","title":{"rendered":"Corpo T\u00e9cnico"},"content":{"rendered":"\n<p>Contamos com um corpo t\u00e9cnico de especialistas prontos para melhor atender \u00e0 cada necessidade!<\/p>\n\n\n\n\n\t\t<!-- MasterSlider -->\n\t\t<div id=\"P_MS66bf4db38be51\" class=\"master-slider-parent msl ms-parent-id-1\" style=\"max-width:800px;\">\n\n\t\t\t\n\t\t\t<!-- MasterSlider Main -->\n\t\t\t<div id=\"MS66bf4db38be51\" class=\"master-slider ms-skin-default\" >\n\t\t\t\t \t\t\t\t \n\t\t\t\t<div  class=\"ms-slide\" data-delay=\"3\" data-fill-mode=\"fit\"  >\n\t\t\t\t\t<img decoding=\"async\" src=\"https:\/\/atelieodontologia.com.br\/wp-content\/plugins\/master-slider\/public\/assets\/css\/blank.gif\" alt=\"\" title=\"\" data-src=\"https:\/\/atelieodontologia.com.br\/wp-content\/uploads\/2023\/11\/20231114_193625_0000.png\" \/>\n\n\t\t\t\t\t<div class=\"ms-info ms-info-empty\">&nbsp;<\/div>\n\n\n\t<img decoding=\"async\" class=\"ms-thumb\" src=\"https:\/\/atelieodontologia.com.br\/wp-content\/uploads\/2023\/11\/20231114_193625_0000-140x80.png\" alt=\"\" \/>\n\t<div class=\"ms-thumb\" ><div class=\"ms-tab-context\"><div class=&quot;ms-tab-context&quot;><\/div><\/div>\n<\/div>\n\t\t\t\t<\/div>\n\t\t\t\t<div  class=\"ms-slide\" data-delay=\"3\" data-fill-mode=\"fill\"  >\n\t\t\t\t\t<img decoding=\"async\" src=\"https:\/\/atelieodontologia.com.br\/wp-content\/plugins\/master-slider\/public\/assets\/css\/blank.gif\" alt=\"\" title=\"\" data-src=\"https:\/\/atelieodontologia.com.br\/wp-content\/uploads\/2023\/11\/20231114_193625_0001.png\" \/>\n\n\t\t\t\t\t<div class=\"ms-info ms-info-empty\">&nbsp;<\/div>\n\n\n\t<img decoding=\"async\" class=\"ms-thumb\" src=\"https:\/\/atelieodontologia.com.br\/wp-content\/uploads\/2023\/11\/20231114_193625_0001-140x80.png\" alt=\"\" \/>\n\t<div class=\"ms-thumb\" ><div class=\"ms-tab-context\"><div class=&quot;ms-tab-context&quot;><\/div><\/div>\n<\/div>\n\t\t\t\t<\/div>\n\t\t\t\t<div  class=\"ms-slide\" data-delay=\"3\" data-fill-mode=\"fill\"  >\n\t\t\t\t\t<img decoding=\"async\" src=\"https:\/\/atelieodontologia.com.br\/wp-content\/plugins\/master-slider\/public\/assets\/css\/blank.gif\" alt=\"\" title=\"\" data-src=\"https:\/\/atelieodontologia.com.br\/wp-content\/uploads\/2023\/11\/3_20231114_193218_0002.png\" \/>\n\n\t\t\t\t\t<div class=\"ms-info ms-info-empty\">&nbsp;<\/div>\n\n\n\t<img decoding=\"async\" class=\"ms-thumb\" src=\"https:\/\/atelieodontologia.com.br\/wp-content\/uploads\/2023\/11\/3_20231114_193218_0002-140x80.png\" alt=\"\" \/>\n\t<div class=\"ms-thumb\" ><div class=\"ms-tab-context\"><div class=&quot;ms-tab-context&quot;><\/div><\/div>\n<\/div>\n\t\t\t\t<\/div>\n\t\t\t\t<div  class=\"ms-slide\" data-delay=\"3\" data-fill-mode=\"fill\"  >\n\t\t\t\t\t<img decoding=\"async\" src=\"https:\/\/atelieodontologia.com.br\/wp-content\/plugins\/master-slider\/public\/assets\/css\/blank.gif\" alt=\"\" title=\"\" data-src=\"https:\/\/atelieodontologia.com.br\/wp-content\/uploads\/2023\/11\/2_20231114_193217_0001.png\" \/>\n\n\t\t\t\t\t<div class=\"ms-info ms-info-empty\">&nbsp;<\/div>\n\n\n\t<img decoding=\"async\" class=\"ms-thumb\" src=\"https:\/\/atelieodontologia.com.br\/wp-content\/uploads\/2023\/11\/2_20231114_193217_0001-140x80.png\" alt=\"\" \/>\n\t<div class=\"ms-thumb\" ><div class=\"ms-tab-context\"><div class=&quot;ms-tab-context&quot;><\/div><\/div>\n<\/div>\n\t\t\t\t<\/div>\n\t\t\t\t<div  class=\"ms-slide\" data-delay=\"3\" data-fill-mode=\"fill\"  >\n\t\t\t\t\t<img decoding=\"async\" src=\"https:\/\/atelieodontologia.com.br\/wp-content\/plugins\/master-slider\/public\/assets\/css\/blank.gif\" alt=\"\" title=\"\" data-src=\"https:\/\/atelieodontologia.com.br\/wp-content\/uploads\/2023\/11\/5_20231114_193218_0004.png\" \/>\n\n\t\t\t\t\t<div class=\"ms-info ms-info-empty\">&nbsp;<\/div>\n\n\n\t<img decoding=\"async\" class=\"ms-thumb\" src=\"https:\/\/atelieodontologia.com.br\/wp-content\/uploads\/2023\/11\/5_20231114_193218_0004-140x80.png\" alt=\"\" \/>\n\t<div class=\"ms-thumb\" ><div class=\"ms-tab-context\"><div class=&quot;ms-tab-context&quot;><\/div><\/div>\n<\/div>\n\t\t\t\t<\/div>\n\t\t\t\t<div  class=\"ms-slide\" data-delay=\"3\" data-fill-mode=\"fill\"  >\n\t\t\t\t\t<img decoding=\"async\" src=\"https:\/\/atelieodontologia.com.br\/wp-content\/plugins\/master-slider\/public\/assets\/css\/blank.gif\" alt=\"\" title=\"\" data-src=\"https:\/\/atelieodontologia.com.br\/wp-content\/uploads\/2023\/11\/6_20231114_193218_0005.png\" \/>\n\n\t\t\t\t\t<div class=\"ms-info ms-info-empty\">&nbsp;<\/div>\n\n\n\t<img decoding=\"async\" class=\"ms-thumb\" src=\"https:\/\/atelieodontologia.com.br\/wp-content\/uploads\/2023\/11\/6_20231114_193218_0005-140x80.png\" alt=\"\" \/>\n\t<div class=\"ms-thumb\" ><div class=\"ms-tab-context\"><div class=&quot;ms-tab-context&quot;><\/div><\/div>\n<\/div>\n\t\t\t\t<\/div>\n\t\t\t\t<div  class=\"ms-slide\" data-delay=\"3\" data-fill-mode=\"fill\"  >\n\t\t\t\t\t<img decoding=\"async\" src=\"https:\/\/atelieodontologia.com.br\/wp-content\/plugins\/master-slider\/public\/assets\/css\/blank.gif\" alt=\"\" title=\"\" data-src=\"https:\/\/atelieodontologia.com.br\/wp-content\/uploads\/2023\/11\/1_20231114_193217_0000.png\" \/>\n\n\t\t\t\t\t<div class=\"ms-info ms-info-empty\">&nbsp;<\/div>\n\n\n\t<img decoding=\"async\" class=\"ms-thumb\" src=\"https:\/\/atelieodontologia.com.br\/wp-content\/uploads\/2023\/11\/1_20231114_193217_0000-140x80.png\" alt=\"\" \/>\n\t<div class=\"ms-thumb\" ><div class=\"ms-tab-context\"><div class=&quot;ms-tab-context&quot;><\/div><\/div>\n<\/div>\n\t\t\t\t<\/div>\n\t\t\t\t<div  class=\"ms-slide\" data-delay=\"3\" data-fill-mode=\"fill\"  >\n\t\t\t\t\t<img decoding=\"async\" src=\"https:\/\/atelieodontologia.com.br\/wp-content\/plugins\/master-slider\/public\/assets\/css\/blank.gif\" alt=\"\" title=\"\" data-src=\"https:\/\/atelieodontologia.com.br\/wp-content\/uploads\/2023\/11\/4_20231114_193218_0003.png\" \/>\n\n\t\t\t\t\t<div class=\"ms-info ms-info-empty\">&nbsp;<\/div>\n\n\n\t<img decoding=\"async\" class=\"ms-thumb\" src=\"https:\/\/atelieodontologia.com.br\/wp-content\/uploads\/2023\/11\/4_20231114_193218_0003-140x80.png\" alt=\"\" \/>\n\t<div class=\"ms-thumb\" ><div class=\"ms-tab-context\"><div class=&quot;ms-tab-context&quot;><\/div><\/div>\n<\/div>\n\t\t\t\t<\/div>\n\n\t\t\t<\/div>\n\t\t\t<!-- END MasterSlider Main -->\n\n\t\t\t \n\t\t<\/div>\n\t\t<!-- END MasterSlider -->\n\n\t\t<script>\n\t\t(function ( $ ) {\n\t\t\t\"use strict\";\n\n\t\t\t$(function () {\n\t\t\t\tvar masterslider_be51 = new MasterSlider();\n\n\t\t\t\t\/\/ slider controls\n\t\t\t\tmasterslider_be51.control('arrows'     ,{ autohide:false, overVideo:true  });\t\t\t\tmasterslider_be51.control('bullets'    ,{ autohide:false, overVideo:true, dir:'h', align:'bottom' , margin:10  });\n\n\t\t\t\tmasterslider_be51.control('thumblist'  ,{ autohide:false, overVideo:true, dir:'h', speed:17, inset:false, arrows:false, hover:false, customClass:'', align:'bottom',type:'thumbs', margin:5, width:140, height:80, space:5, fillMode:'fill'  });\n\t\t\t\tmasterslider_be51.control('circletimer',{ autohide:true, overVideo:true, color:'#141e71', radius:4, stroke:10   });\n\t\t\t\tmasterslider_be51.control('slideinfo'  ,{ autohide:false, overVideo:true, dir:'h', align:'top',inset:true , margin:10  , size:13 });\n\t\t\t\t\/\/ slider setup\n\t\t\t\tmasterslider_be51.setup(\"MS66bf4db38be51\", {\n\t\t\t\t\t\twidth           : 800,\n\t\t\t\t\t\theight          : 480,\n\t\t\t\t\t\tminHeight       : 0,\n\t\t\t\t\t\tspace           : 0,\n\t\t\t\t\t\tstart           : 1,\n\t\t\t\t\t\tgrabCursor      : true,\n\t\t\t\t\t\tswipe           : true,\n\t\t\t\t\t\tmouse           : true,\n\t\t\t\t\t\tlayout          : \"boxed\",\n\t\t\t\t\t\twheel           : false,\n\t\t\t\t\t\tautoplay        : false,\n\t\t\t\t\t\tinstantStartLayers:false,\n\t\t\t\t\t\tloop            : false,\n\t\t\t\t\t\tshuffle         : false,\n\t\t\t\t\t\tpreload         : 0,\n\t\t\t\t\t\theightLimit     : true,\n\t\t\t\t\t\tautoHeight      : false,\n\t\t\t\t\t\tsmoothHeight    : true,\n\t\t\t\t\t\tendPause        : false,\n\t\t\t\t\t\toverPause       : true,\n\t\t\t\t\t\tfillMode        : \"fill\",\n\t\t\t\t\t\tcenterControls  : true,\n\t\t\t\t\t\tstartOnAppear   : false,\n\t\t\t\t\t\tlayersMode      : \"center\",\n\t\t\t\t\t\thideLayers      : false,\n\t\t\t\t\t\tfullscreenMargin: 0,\n\t\t\t\t\t\tspeed           : 20,\n\t\t\t\t\t\tdir             : \"h\",\n\t\t\t\t\t\tparallaxMode    : 'swipe',\n\t\t\t\t\t\tview            : \"basic\"\n\t\t\t\t});\n\n\t\t\t\t\n\t\t\t\twindow.masterslider_instances = window.masterslider_instances || [];\n\t\t\t\twindow.masterslider_instances.push( masterslider_be51 );\n\t\t\t });\n\n\t\t})(jQuery);\n\t\t<\/script>\n\n\n\n\n\n<p>    <\/p>\n\n\n\n<p>   <\/p>\n\n\n\n<ul class=\"wp-block-list\">\n<li>Dent\u00edstica e Est\u00e9tica (Limpeza, Clareamento e outros)<\/li>\n\n\n\n<li>Endodontia (Canal)<\/li>\n\n\n\n<li>Implantes<\/li>\n\n\n\n<li>Ortodontia<\/li>\n\n\n\n<li>Pr\u00f3teses Dent\u00e1rias (Coroas de Porcelana, Facetas, Pr\u00f3teses parciais e totais)<\/li>\n<\/ul>\n","protected":false},"excerpt":{"rendered":"<p>Contamos com um corpo t\u00e9cnico de especialistas prontos para melhor atender \u00e0 cada necessidade!<\/p>\n","protected":false},"author":1,"featured_media":0,"parent":0,"menu_order":0,"comment_status":"closed","ping_status":"closed","template":"","meta":{"footnotes":""},"class_list":["post-24","page","type-page","status-publish","hentry"],"_links":{"self":[{"href":"https:\/\/atelieodontologia.com.br\/index.php?rest_route=\/wp\/v2\/pages\/24","targetHints":{"allow":["GET"]}}],"collection":[{"href":"https:\/\/atelieodontologia.com.br\/index.php?rest_route=\/wp\/v2\/pages"}],"about":[{"href":"https:\/\/atelieodontologia.com.br\/index.php?rest_route=\/wp\/v2\/types\/page"}],"author":[{"embeddable":true,"href":"https:\/\/atelieodontologia.com.br\/index.php?rest_route=\/wp\/v2\/users\/1"}],"replies":[{"embeddable":true,"href":"https:\/\/atelieodontologia.com.br\/index.php?rest_route=%2Fwp%2Fv2%2Fcomments&post=24"}],"version-history":[{"count":7,"href":"https:\/\/atelieodontologia.com.br\/index.php?rest_route=\/wp\/v2\/pages\/24\/revisions"}],"predecessor-version":[{"id":199,"href":"https:\/\/atelieodontologia.com.br\/index.php?rest_route=\/wp\/v2\/pages\/24\/revisions\/199"}],"wp:attachment":[{"href":"https:\/\/atelieodontologia.com.br\/index.php?rest_route=%2Fwp%2Fv2%2Fmedia&parent=24"}],"curies":[{"name":"wp","href":"https:\/\/api.w.org\/{rel}","templated":true}]}}