{"id":137,"date":"2024-06-03T07:29:59","date_gmt":"2024-06-03T11:29:59","guid":{"rendered":"https:\/\/atelieodontologia.com.br\/?page_id=137"},"modified":"2024-06-03T07:29:59","modified_gmt":"2024-06-03T11:29:59","slug":"avaliacoes-de-nossos-clientes","status":"publish","type":"page","link":"https:\/\/atelieodontologia.com.br\/?page_id=137","title":{"rendered":"Avalia\u00e7\u00f5es de Nossos Clientes"},"content":{"rendered":"\t\t<style>\n\t\t\t#sb-reviews-container-1{\n\t\t\t\t--column-gutter : 10px;\n\t\t\t}\n\t\t\t#sb-reviews-container-1 .sb-post-item-wrap{margin-bottom:6px;}#sb-reviews-container-1 .sb-feed-header-heading{font-weight:700;font-size:36px;line-height:100%;}#sb-reviews-container-1 .sb-feed-header-heading{color:#141B38;}#sb-reviews-container-1 .sb-feed-header-heading{padding:0px 0px 0px 0px ;}#sb-reviews-container-1 .sb-feed-header-heading{margin:0px 0px 10px 0px ;}#sb-reviews-container-1 .sb-feed-header-btn{font-weight:600;font-size:14px;line-height:22px;}#sb-reviews-container-1 .sb-feed-header-btn{color:#ffffff;}#sb-reviews-container-1 .sb-feed-header-btn{background:#0096CC;}#sb-reviews-container-1 .sb-feed-header-btn:hover{color:#ffffff;}#sb-reviews-container-1 .sb-feed-header-btn:hover{background:#CC3F3A;}#sb-reviews-container-1 .sb-feed-header-btn{padding:8px 20px 8px 12px ;}#sb-reviews-container-1 .sb-feed-header-btn{margin:0px 0px 0px 0px ;}#sb-reviews-container-1 .sb-feed-header-rating{font-weight:600;font-size:20px;line-height:1.5em;}#sb-reviews-container-1 .sb-feed-header-rating-subtext{font-weight:400;font-size:12px;line-height:1.5em;}#sb-reviews-container-1 .sb-feed-header-rating-icons{color:#0096CC;}#sb-reviews-container-1 .sb-feed-header-rating{color:#141B38;}#sb-reviews-container-1 .sb-feed-header-rating-subtext{color:#434960;}#sb-reviews-container-1 .sb-feed-header-bottom{padding:0px 0px 0px 0px ;}#sb-reviews-container-1 .sb-feed-header-bottom{margin:0px 0px 0px 0px ;}#sb-reviews-container-1 .sb-feed-header{padding:0px 0px 0px 0px ;}#sb-reviews-container-1 .sb-feed-header{margin:0px 0px 20px 0px ;}#sb-reviews-container-1 [data-post-style=\"boxed\"] .sb-post-item-wrap{border:1px solid #eee;}#sb-reviews-container-1 [data-post-style=\"regular\"] .sb-post-item-wrap{border-bottom:1px solid #eee;}#sb-reviews-container-1 .sb-post-item-wrap{padding:0px 0px 20px 0px ;}#sb-reviews-container-1 .sb-item-rating{color:#0096CC}#sb-reviews-container-1 .sb-item-rating{padding:0px 0px 0px 0px ;}#sb-reviews-container-1 .sb-item-rating{margin:15px 0px 15px 0px ;}#sb-reviews-container-1 .sb-item-text{font-weight:400;font-size:16px;line-height:1.5em;}#sb-reviews-container-1 .sb-item-text{color:#434960;}#sb-reviews-container-1 .sb-item-text{padding:0px 0px 0px 0px ;}#sb-reviews-container-1 .sb-item-text{margin:0px 0px 0px 0px ;}#sb-reviews-container-1 .sb-item-author-name{font-weight:600;font-size:14px;line-height:1.5em;}#sb-reviews-container-1 .sb-item-author-name{padding:0px 0px 0px 0px ;}#sb-reviews-container-1 .sb-item-author-name{margin:0px 0px 0px 0px ;}#sb-reviews-container-1 .sb-item-author-img img{border-radius:50px;}#sb-reviews-container-1 .sb-item-author-img{margin:0px 10px 0px 0px ;}#sb-reviews-container-1 .sb-item-author-date{font-weight:400;font-size:13px;line-height:1.5em;}#sb-reviews-container-1 .sb-item-author-date{padding:0px 0px 0px 0px ;}#sb-reviews-container-1 .sb-item-author-date{margin:0px 0px 0px 0px ;}#sb-reviews-container-1 .sb-item-author-name{color:#141B38;}#sb-reviews-container-1 .sb-item-author-date{color:#434960;}#sb-reviews-container-1 .sb-item-author-ctn{padding:0px 0px 0px 0px ;}#sb-reviews-container-1 .sb-item-author-ctn{margin:0px 0px 0px 0px ;}#sb-reviews-container-1 .sb-load-button{font-weight:600;font-size:16px;line-height:1em;}#sb-reviews-container-1 .sb-load-button{color:#141B38;}#sb-reviews-container-1 .sb-load-button{background:#E6E6EB;}#sb-reviews-container-1 .sb-load-button:hover{color:#ffffff;}#sb-reviews-container-1 .sb-load-button:hover{background:#0096CC;}#sb-reviews-container-1 .sb-load-button{padding:15px 0px 15px 0px ;}#sb-reviews-container-1 .sb-load-button-ctn{margin:20px 0px 0px 0px ;}\t\t<\/style>\n\t\t<section id=\"sb-reviews-container-1\" class=\"sbr-feed\">\n\t\t<section class=\"sb-feed-container \" data-layout=\"list\"  data-gutter=\"10\"  data-post-style=\"regular\" data-shortcode-atts=\"{}\" data-feed-id=\"1\" data-misc=\"{&quot;num&quot;:{&quot;desktop&quot;:4,&quot;tablet&quot;:4,&quot;mobile&quot;:3},&quot;flagLastPage&quot;:false,&quot;contentLength&quot;:&quot;280&quot;}\">\n\t\t<section class=\"sb-feed-header\" data-align=\"left\">\n\t<div class=\"sb-feed-header-content\">\n\t\t\t\t\t<div class=\"sb-feed-header-heading\"><span class=\"sb-relative\">Avalia\u00e7\u00f5es de Nossos Clientes<\/span><\/div>\n\t\t\t\t\t\t\t<div class=\"sb-feed-header-bottom sb-fs\">\n\t\t\t\t\t\t\t\t\t<div class=\"sb-feed-header-btn-ctn sb-relative\">\n\t\t\t\t\t\t<a href=\"https:\/\/search.google.com\/local\/writereview?placeid=ChIJQ8er9JzohpQRbLKsx5ileig\" target=\"_blank\" rel=\"noopener noreferrer\" class=\"sb-btn sb-feed-header-btn\" data-icon-position=\"left\" data-onlyicon=\"true\">\n\t\t\t\t\t\t\t<span class=\"sb-btn-icon\">\n\t\t\t\t\t\t\t\t<svg viewBox=\"0 0 12 12\" fill=\"none\" xmlns=\"http:\/\/www.w3.org\/2000\/svg\"><path d=\"M1.5 8.62501V10.5H3.375L8.905 4.97001L7.03 3.09501L1.5 8.62501ZM10.705 3.17001L8.83 1.29501L7.565 2.56501L9.44 4.44001L10.705 3.17001Z\" fill=\"#141B38\"><\/path><\/svg>\n\t\t\t\t\t\t\t<\/span>\n\t\t\t\t\t\t\tEscrever uma avalia\u00e7\u00e3o\t\t\t\t\t\t<\/a>\n\t\t\t\t\t<\/div>\n\t\t\t\t\t\t\t<\/div>\n\t\t\t<\/div>\n<\/section>\n\n\n\t\t<section class=\"sb-feed-posts\" data-icon-size=\"small\" data-avatar-size=\"medium\">\n\t\t\t<div class=\"sb-post-item-wrap sb-new sbr-item-04_15_2026ChIJQ8er9JzohpQRbLKsx5ileigEDERSONGOESCHAVES sbr-provider-google\">\n\t<div class=\"sb-post-item\">\n\t\t\t\t\t<span class=\"sb-item-provider-icon\">\n\t\t\t\t<img decoding=\"async\" src=\"https:\/\/atelieodontologia.com.br\/wp-content\/plugins\/reviews-feed\/assets\/icons\/google-provider.svg\" alt=\"google\" \/>\n\t\t\t<\/span>\n\t\t\t\t<div class=\"sb-item-author-date-ctn sb-fs\">\n\t<div class=\"sb-item-author-ctn sb-relative\">\n\t\t<div class=\"sb-item-name-date\">\n\t\t\t\t\t\t<span class=\"sb-item-author-name sb-relative\">EDERSON GOES CHAVES<\/span>\n\t\t\t\n\t\t\t\t\t\t\t<span class=\"sb-item-author-date sb-relative\">6 dias atr\u00e1s<\/span>\n\t\t\t\t\t<\/div>\n\t<\/div>\n<\/div>\n<div class=\"sb-item-rating sb-fs\">\n\t\t<span class=\"sb-relative\">\n\t\t\t<div class='sb-item-rating-ctn'>\n\t\t\t\t<span class=\"sb-item-rating-icon \"><svg viewBox=\"0 0 24 24\" fill=\"currentColor\">\n\t\t\t\t\t<path d=\"M12 2l3.09 6.26L22 9.27l-5 4.87 1.18 6.88L12 17.77l-6.18 3.25L7 14.14 2 9.27l6.91-1.01L12 2z\"\/>\n\t\t\t\t<\/svg><\/span><span class=\"sb-item-rating-icon \"><svg viewBox=\"0 0 24 24\" fill=\"currentColor\">\n\t\t\t\t\t<path d=\"M12 2l3.09 6.26L22 9.27l-5 4.87 1.18 6.88L12 17.77l-6.18 3.25L7 14.14 2 9.27l6.91-1.01L12 2z\"\/>\n\t\t\t\t<\/svg><\/span><span class=\"sb-item-rating-icon \"><svg viewBox=\"0 0 24 24\" fill=\"currentColor\">\n\t\t\t\t\t<path d=\"M12 2l3.09 6.26L22 9.27l-5 4.87 1.18 6.88L12 17.77l-6.18 3.25L7 14.14 2 9.27l6.91-1.01L12 2z\"\/>\n\t\t\t\t<\/svg><\/span><span class=\"sb-item-rating-icon \"><svg viewBox=\"0 0 24 24\" fill=\"currentColor\">\n\t\t\t\t\t<path d=\"M12 2l3.09 6.26L22 9.27l-5 4.87 1.18 6.88L12 17.77l-6.18 3.25L7 14.14 2 9.27l6.91-1.01L12 2z\"\/>\n\t\t\t\t<\/svg><\/span><span class=\"sb-item-rating-icon \"><svg viewBox=\"0 0 24 24\" fill=\"currentColor\">\n\t\t\t\t\t<path d=\"M12 2l3.09 6.26L22 9.27l-5 4.87 1.18 6.88L12 17.77l-6.18 3.25L7 14.14 2 9.27l6.91-1.01L12 2z\"\/>\n\t\t\t\t<\/svg><\/span>\t\t\t<\/div>\n\t\t<\/span>\n<\/div>\n<div class=\"sb-item-text sb-fs\">\n\tFica registrado meus agradecimentos a\u00ed Dr Thiago, profissional competente e capacitado, com tranquilidade, dom\u00ednio e uso de tecnologias de ponta fez um excelente trabalho e atendimento, agrade\u00e7o e recomendo...<\/div>\n<div class=\"sb-expand\">\n\t<a href=\"#\" data-link=\"\">\n\t\t<span class=\"sb-more\">...<\/span>\n\t<\/a>\n<\/div>\n\n\t<\/div>\n<\/div>\n<div class=\"sb-post-item-wrap sb-new sbr-item-04_01_2026ChIJQ8er9JzohpQRbLKsx5ileigCacylaBaur sbr-provider-google\">\n\t<div class=\"sb-post-item\">\n\t\t\t\t\t<span class=\"sb-item-provider-icon\">\n\t\t\t\t<img decoding=\"async\" src=\"https:\/\/atelieodontologia.com.br\/wp-content\/plugins\/reviews-feed\/assets\/icons\/google-provider.svg\" alt=\"google\" \/>\n\t\t\t<\/span>\n\t\t\t\t<div class=\"sb-item-author-date-ctn sb-fs\">\n\t<div class=\"sb-item-author-ctn sb-relative\">\n\t\t<div class=\"sb-item-name-date\">\n\t\t\t\t\t\t<span class=\"sb-item-author-name sb-relative\">Cacyla Baur<\/span>\n\t\t\t\n\t\t\t\t\t\t\t<span class=\"sb-item-author-date sb-relative\">3 semanas atr\u00e1s<\/span>\n\t\t\t\t\t<\/div>\n\t<\/div>\n<\/div>\n<div class=\"sb-item-rating sb-fs\">\n\t\t<span class=\"sb-relative\">\n\t\t\t<div class='sb-item-rating-ctn'>\n\t\t\t\t<span class=\"sb-item-rating-icon \"><svg viewBox=\"0 0 24 24\" fill=\"currentColor\">\n\t\t\t\t\t<path d=\"M12 2l3.09 6.26L22 9.27l-5 4.87 1.18 6.88L12 17.77l-6.18 3.25L7 14.14 2 9.27l6.91-1.01L12 2z\"\/>\n\t\t\t\t<\/svg><\/span><span class=\"sb-item-rating-icon \"><svg viewBox=\"0 0 24 24\" fill=\"currentColor\">\n\t\t\t\t\t<path d=\"M12 2l3.09 6.26L22 9.27l-5 4.87 1.18 6.88L12 17.77l-6.18 3.25L7 14.14 2 9.27l6.91-1.01L12 2z\"\/>\n\t\t\t\t<\/svg><\/span><span class=\"sb-item-rating-icon \"><svg viewBox=\"0 0 24 24\" fill=\"currentColor\">\n\t\t\t\t\t<path d=\"M12 2l3.09 6.26L22 9.27l-5 4.87 1.18 6.88L12 17.77l-6.18 3.25L7 14.14 2 9.27l6.91-1.01L12 2z\"\/>\n\t\t\t\t<\/svg><\/span><span class=\"sb-item-rating-icon \"><svg viewBox=\"0 0 24 24\" fill=\"currentColor\">\n\t\t\t\t\t<path d=\"M12 2l3.09 6.26L22 9.27l-5 4.87 1.18 6.88L12 17.77l-6.18 3.25L7 14.14 2 9.27l6.91-1.01L12 2z\"\/>\n\t\t\t\t<\/svg><\/span><span class=\"sb-item-rating-icon \"><svg viewBox=\"0 0 24 24\" fill=\"currentColor\">\n\t\t\t\t\t<path d=\"M12 2l3.09 6.26L22 9.27l-5 4.87 1.18 6.88L12 17.77l-6.18 3.25L7 14.14 2 9.27l6.91-1.01L12 2z\"\/>\n\t\t\t\t<\/svg><\/span>\t\t\t<\/div>\n\t\t<\/span>\n<\/div>\n<div class=\"sb-item-text sb-fs\">\n\tEncantada com o atendimento da Cl\u00ednica Ateli\u00ea Odontologia! Desde a recep\u00e7\u00e3o fui atendida com gentileza, aten\u00e7\u00e3o, profissionalismo e alegria, um ambiente muito gostoso.<br \/>\nPassei por 2 dentistas - Dra. Luciele e Dr. Thiago, ambos excelentes! Satisfeit\u00edssima com o resultado!<\/div>\n<div class=\"sb-expand\">\n\t<a href=\"#\" data-link=\"\">\n\t\t<span class=\"sb-more\">...<\/span>\n\t<\/a>\n<\/div>\n\n\t<\/div>\n<\/div>\n<div class=\"sb-post-item-wrap sb-new sbr-item-03_26_2026ChIJQ8er9JzohpQRbLKsx5ileigsuporteflavinho sbr-provider-google\">\n\t<div class=\"sb-post-item\">\n\t\t\t\t\t<span class=\"sb-item-provider-icon\">\n\t\t\t\t<img decoding=\"async\" src=\"https:\/\/atelieodontologia.com.br\/wp-content\/plugins\/reviews-feed\/assets\/icons\/google-provider.svg\" alt=\"google\" \/>\n\t\t\t<\/span>\n\t\t\t\t<div class=\"sb-item-author-date-ctn sb-fs\">\n\t<div class=\"sb-item-author-ctn sb-relative\">\n\t\t<div class=\"sb-item-name-date\">\n\t\t\t\t\t\t<span class=\"sb-item-author-name sb-relative\">suporteflavinho<\/span>\n\t\t\t\n\t\t\t\t\t\t\t<span class=\"sb-item-author-date sb-relative\">4 semanas atr\u00e1s<\/span>\n\t\t\t\t\t<\/div>\n\t<\/div>\n<\/div>\n<div class=\"sb-item-rating sb-fs\">\n\t\t<span class=\"sb-relative\">\n\t\t\t<div class='sb-item-rating-ctn'>\n\t\t\t\t<span class=\"sb-item-rating-icon \"><svg viewBox=\"0 0 24 24\" fill=\"currentColor\">\n\t\t\t\t\t<path d=\"M12 2l3.09 6.26L22 9.27l-5 4.87 1.18 6.88L12 17.77l-6.18 3.25L7 14.14 2 9.27l6.91-1.01L12 2z\"\/>\n\t\t\t\t<\/svg><\/span><span class=\"sb-item-rating-icon \"><svg viewBox=\"0 0 24 24\" fill=\"currentColor\">\n\t\t\t\t\t<path d=\"M12 2l3.09 6.26L22 9.27l-5 4.87 1.18 6.88L12 17.77l-6.18 3.25L7 14.14 2 9.27l6.91-1.01L12 2z\"\/>\n\t\t\t\t<\/svg><\/span><span class=\"sb-item-rating-icon \"><svg viewBox=\"0 0 24 24\" fill=\"currentColor\">\n\t\t\t\t\t<path d=\"M12 2l3.09 6.26L22 9.27l-5 4.87 1.18 6.88L12 17.77l-6.18 3.25L7 14.14 2 9.27l6.91-1.01L12 2z\"\/>\n\t\t\t\t<\/svg><\/span><span class=\"sb-item-rating-icon \"><svg viewBox=\"0 0 24 24\" fill=\"currentColor\">\n\t\t\t\t\t<path d=\"M12 2l3.09 6.26L22 9.27l-5 4.87 1.18 6.88L12 17.77l-6.18 3.25L7 14.14 2 9.27l6.91-1.01L12 2z\"\/>\n\t\t\t\t<\/svg><\/span><span class=\"sb-item-rating-icon \"><svg viewBox=\"0 0 24 24\" fill=\"currentColor\">\n\t\t\t\t\t<path d=\"M12 2l3.09 6.26L22 9.27l-5 4.87 1.18 6.88L12 17.77l-6.18 3.25L7 14.14 2 9.27l6.91-1.01L12 2z\"\/>\n\t\t\t\t<\/svg><\/span>\t\t\t<\/div>\n\t\t<\/span>\n<\/div>\n<div class=\"sb-item-text sb-fs\">\n\tAtendimento excelente, dr. Thiago super atencioso e cauteloso, equipe da recep\u00e7\u00e3o sempre muito prestativa fora o ambiente que \u00e9 super agrad\u00e1vel.<\/div>\n<div class=\"sb-expand\">\n\t<a href=\"#\" data-link=\"\">\n\t\t<span class=\"sb-more\">...<\/span>\n\t<\/a>\n<\/div>\n\n\t<\/div>\n<\/div>\n<div class=\"sb-post-item-wrap sb-new sbr-item-03_20_2026ChIJQ8er9JzohpQRbLKsx5ileigJanicesantos sbr-provider-google\">\n\t<div class=\"sb-post-item\">\n\t\t\t\t\t<span class=\"sb-item-provider-icon\">\n\t\t\t\t<img decoding=\"async\" src=\"https:\/\/atelieodontologia.com.br\/wp-content\/plugins\/reviews-feed\/assets\/icons\/google-provider.svg\" alt=\"google\" \/>\n\t\t\t<\/span>\n\t\t\t\t<div class=\"sb-item-author-date-ctn sb-fs\">\n\t<div class=\"sb-item-author-ctn sb-relative\">\n\t\t<div class=\"sb-item-name-date\">\n\t\t\t\t\t\t<span class=\"sb-item-author-name sb-relative\">Janice santos<\/span>\n\t\t\t\n\t\t\t\t\t\t\t<span class=\"sb-item-author-date sb-relative\">1 m\u00eas atr\u00e1s<\/span>\n\t\t\t\t\t<\/div>\n\t<\/div>\n<\/div>\n<div class=\"sb-item-rating sb-fs\">\n\t\t<span class=\"sb-relative\">\n\t\t\t<div class='sb-item-rating-ctn'>\n\t\t\t\t<span class=\"sb-item-rating-icon \"><svg viewBox=\"0 0 24 24\" fill=\"currentColor\">\n\t\t\t\t\t<path d=\"M12 2l3.09 6.26L22 9.27l-5 4.87 1.18 6.88L12 17.77l-6.18 3.25L7 14.14 2 9.27l6.91-1.01L12 2z\"\/>\n\t\t\t\t<\/svg><\/span><span class=\"sb-item-rating-icon \"><svg viewBox=\"0 0 24 24\" fill=\"currentColor\">\n\t\t\t\t\t<path d=\"M12 2l3.09 6.26L22 9.27l-5 4.87 1.18 6.88L12 17.77l-6.18 3.25L7 14.14 2 9.27l6.91-1.01L12 2z\"\/>\n\t\t\t\t<\/svg><\/span><span class=\"sb-item-rating-icon \"><svg viewBox=\"0 0 24 24\" fill=\"currentColor\">\n\t\t\t\t\t<path d=\"M12 2l3.09 6.26L22 9.27l-5 4.87 1.18 6.88L12 17.77l-6.18 3.25L7 14.14 2 9.27l6.91-1.01L12 2z\"\/>\n\t\t\t\t<\/svg><\/span><span class=\"sb-item-rating-icon \"><svg viewBox=\"0 0 24 24\" fill=\"currentColor\">\n\t\t\t\t\t<path d=\"M12 2l3.09 6.26L22 9.27l-5 4.87 1.18 6.88L12 17.77l-6.18 3.25L7 14.14 2 9.27l6.91-1.01L12 2z\"\/>\n\t\t\t\t<\/svg><\/span><span class=\"sb-item-rating-icon \"><svg viewBox=\"0 0 24 24\" fill=\"currentColor\">\n\t\t\t\t\t<path d=\"M12 2l3.09 6.26L22 9.27l-5 4.87 1.18 6.88L12 17.77l-6.18 3.25L7 14.14 2 9.27l6.91-1.01L12 2z\"\/>\n\t\t\t\t<\/svg><\/span>\t\t\t<\/div>\n\t\t<\/span>\n<\/div>\n<div class=\"sb-item-text sb-fs\">\n\tDr. Thiago \u00e9 hiper simp\u00e1tico, divertido, competente ao extremo, os materiais que ele utiliza s\u00e3o os melhores, o que faz o resultado ser duradouro. Vc sairia do consult\u00f3rio dele com um sorris\u00e3o; n\u00e3o s\u00f3 pelo trabalho mas tamb\u00e9m pelas dicas e pequenas conversas sempre divertidas.<\/div>\n<div class=\"sb-expand\">\n\t<a href=\"#\" data-link=\"\">\n\t\t<span class=\"sb-more\">...<\/span>\n\t<\/a>\n<\/div>\n\n\t<\/div>\n<\/div>\n\t\t<\/section>\n\n\t\t\t<\/section>\n<\/section>\n\n\n","protected":false},"excerpt":{"rendered":"","protected":false},"author":1,"featured_media":0,"parent":0,"menu_order":0,"comment_status":"closed","ping_status":"closed","template":"","meta":{"footnotes":""},"class_list":["post-137","page","type-page","status-publish","hentry"],"_links":{"self":[{"href":"https:\/\/atelieodontologia.com.br\/index.php?rest_route=\/wp\/v2\/pages\/137","targetHints":{"allow":["GET"]}}],"collection":[{"href":"https:\/\/atelieodontologia.com.br\/index.php?rest_route=\/wp\/v2\/pages"}],"about":[{"href":"https:\/\/atelieodontologia.com.br\/index.php?rest_route=\/wp\/v2\/types\/page"}],"author":[{"embeddable":true,"href":"https:\/\/atelieodontologia.com.br\/index.php?rest_route=\/wp\/v2\/users\/1"}],"replies":[{"embeddable":true,"href":"https:\/\/atelieodontologia.com.br\/index.php?rest_route=%2Fwp%2Fv2%2Fcomments&post=137"}],"version-history":[{"count":1,"href":"https:\/\/atelieodontologia.com.br\/index.php?rest_route=\/wp\/v2\/pages\/137\/revisions"}],"predecessor-version":[{"id":138,"href":"https:\/\/atelieodontologia.com.br\/index.php?rest_route=\/wp\/v2\/pages\/137\/revisions\/138"}],"wp:attachment":[{"href":"https:\/\/atelieodontologia.com.br\/index.php?rest_route=%2Fwp%2Fv2%2Fmedia&parent=137"}],"curies":[{"name":"wp","href":"https:\/\/api.w.org\/{rel}","templated":true}]}}